{"id":8514,"date":"2025-09-02T08:40:05","date_gmt":"2025-09-02T08:40:05","guid":{"rendered":"https:\/\/123ai.vn\/?page_id=8514"},"modified":"2025-09-02T08:53:58","modified_gmt":"2025-09-02T08:53:58","slug":"khoi-dong-voi-123ai","status":"publish","type":"page","link":"https:\/\/123ai.vn\/learn\/khoi-dong-voi-123ai\/","title":{"rendered":"Checklist 4 b\u01b0\u1edbc"},"content":{"rendered":"        <div class=\"ai123-steps\">\n                        <div class=\"ai123-step\">\n                <div class=\"ai123-badge \">1<\/div>\n                <div>\n                    <div>\n                        <strong>\u0110\u0103ng nh\u1eadp b\u1eb1ng Gmail<\/strong>\n                                                    <span class=\"ai123-status \">Ch\u01b0a \u0111\u0103ng nh\u1eadp<\/span>\n                                            <\/div>\n                                            <div class=\"ai123-actions\"><a class=\"ai123-btn primary\" href=\"\/learn\/tutor-login-2\/\">\u0110\u0103ng nh\u1eadp \/ Login<\/a><div class=\"ai123-note\">Trang \u0111\u0103ng nh\u1eadp \u0111\u00e3 c\u00f3 n\u00fat Google \u2013 b\u1ea5m \u0111\u1ec3 ti\u1ebfp t\u1ee5c.<\/div><\/div>\n                                    <\/div>\n            <\/div>\n                        <div class=\"ai123-step\">\n                <div class=\"ai123-badge \">2<\/div>\n                <div>\n                    <div>\n                        <strong>Ki\u1ec3m tra g\u00f3i t\u00e0i kho\u1ea3n<\/strong>\n                                                    <span class=\"ai123-status ai123-muted\">Ch\u1edd \u0111\u0103ng nh\u1eadp<\/span>\n                                            <\/div>\n                                    <\/div>\n            <\/div>\n                        <div class=\"ai123-step\">\n                <div class=\"ai123-badge \">3<\/div>\n                <div>\n                    <div>\n                        <strong>K\u00edch ho\u1ea1t g\u00f3i<\/strong>\n                                                    <span class=\"ai123-status ai123-muted\">Ch\u1edd \u0111\u0103ng nh\u1eadp<\/span>\n                                            <\/div>\n                                    <\/div>\n            <\/div>\n                        <div class=\"ai123-step\">\n                <div class=\"ai123-badge \">4<\/div>\n                <div>\n                    <div>\n                        <strong>B\u1eaft \u0111\u1ea7u h\u1ecdc Level 1<\/strong>\n                                                    <span class=\"ai123-status ai123-muted\">Ch\u1edd \u0111\u0103ng nh\u1eadp<\/span>\n                                            <\/div>\n                                    <\/div>\n            <\/div>\n                    <\/div>\n        \n<p><strong>Xem h\u01b0\u1edbng d\u1eabn c\u00e1c b\u01b0\u1edbc:<\/strong><\/p>\n<p><iframe title=\"YouTube video player\" src=\"https:\/\/www.youtube.com\/embed\/WfVXwYFOddU?si=rPiGr1XgiESGkXWC\" width=\"100%\" height=\"600\" frameborder=\"0\" allowfullscreen=\"allowfullscreen\"><span data-mce-type=\"bookmark\" style=\"display: inline-block; width: 0px; overflow: hidden; line-height: 0;\" class=\"mce_SELRES_start\">\ufeff<\/span><\/iframe><\/p>\n","protected":false},"excerpt":{"rendered":"<p>Xem h\u01b0\u1edbng d\u1eabn c\u00e1c b\u01b0\u1edbc: \ufeff<\/p>\n","protected":false},"author":4,"featured_media":0,"parent":0,"menu_order":0,"comment_status":"closed","ping_status":"closed","template":"","meta":{"site-sidebar-layout":"default","site-content-layout":"","ast-site-content-layout":"default","site-content-style":"default","site-sidebar-style":"default","ast-global-header-display":"","ast-banner-title-visibility":"","ast-main-header-display":"","ast-hfb-above-header-display":"","ast-hfb-below-header-display":"","ast-hfb-mobile-header-display":"","site-post-title":"","ast-breadcrumbs-content":"","ast-featured-img":"","footer-sml-layout":"","ast-disable-related-posts":"","theme-transparent-header-meta":"default","adv-header-id-meta":"","stick-header-meta":"","header-above-stick-meta":"","header-main-stick-meta":"","header-below-stick-meta":"","astra-migrate-meta-layouts":"set","ast-page-background-enabled":"default","ast-page-background-meta":{"desktop":{"background-color":"var(--ast-global-color-5)","background-image":"","background-repeat":"repeat","background-position":"center center","background-size":"auto","background-attachment":"scroll","background-type":"","background-media":"","overlay-type":"","overlay-color":"","overlay-opacity":"","overlay-gradient":""},"tablet":{"background-color":"","background-image":"","background-repeat":"repeat","background-position":"center center","background-size":"auto","background-attachment":"scroll","background-type":"","background-media":"","overlay-type":"","overlay-color":"","overlay-opacity":"","overlay-gradient":""},"mobile":{"background-color":"","background-image":"","background-repeat":"repeat","background-position":"center center","background-size":"auto","background-attachment":"scroll","background-type":"","background-media":"","overlay-type":"","overlay-color":"","overlay-opacity":"","overlay-gradient":""}},"ast-content-background-meta":{"desktop":{"background-color":"var(--ast-global-color-4)","background-image":"","background-repeat":"repeat","background-position":"center center","background-size":"auto","background-attachment":"scroll","background-type":"","background-media":"","overlay-type":"","overlay-color":"","overlay-opacity":"","overlay-gradient":""},"tablet":{"background-color":"var(--ast-global-color-4)","background-image":"","background-repeat":"repeat","background-position":"center center","background-size":"auto","background-attachment":"scroll","background-type":"","background-media":"","overlay-type":"","overlay-color":"","overlay-opacity":"","overlay-gradient":""},"mobile":{"background-color":"var(--ast-global-color-4)","background-image":"","background-repeat":"repeat","background-position":"center center","background-size":"auto","background-attachment":"scroll","background-type":"","background-media":"","overlay-type":"","overlay-color":"","overlay-opacity":"","overlay-gradient":""}},"footnotes":""},"class_list":["post-8514","page","type-page","status-publish","hentry"],"jetpack_sharing_enabled":true,"_links":{"self":[{"href":"https:\/\/123ai.vn\/learn\/wp-json\/wp\/v2\/pages\/8514","targetHints":{"allow":["GET"]}}],"collection":[{"href":"https:\/\/123ai.vn\/learn\/wp-json\/wp\/v2\/pages"}],"about":[{"href":"https:\/\/123ai.vn\/learn\/wp-json\/wp\/v2\/types\/page"}],"author":[{"embeddable":true,"href":"https:\/\/123ai.vn\/learn\/wp-json\/wp\/v2\/users\/4"}],"replies":[{"embeddable":true,"href":"https:\/\/123ai.vn\/learn\/wp-json\/wp\/v2\/comments?post=8514"}],"version-history":[{"count":7,"href":"https:\/\/123ai.vn\/learn\/wp-json\/wp\/v2\/pages\/8514\/revisions"}],"predecessor-version":[{"id":8524,"href":"https:\/\/123ai.vn\/learn\/wp-json\/wp\/v2\/pages\/8514\/revisions\/8524"}],"wp:attachment":[{"href":"https:\/\/123ai.vn\/learn\/wp-json\/wp\/v2\/media?parent=8514"}],"curies":[{"name":"wp","href":"https:\/\/api.w.org\/{rel}","templated":true}]}}