{"id":8468,"date":"2025-08-31T08:44:26","date_gmt":"2025-08-31T08:44:26","guid":{"rendered":"https:\/\/123ai.vn\/?page_id=8468"},"modified":"2025-08-31T13:44:19","modified_gmt":"2025-08-31T13:44:19","slug":"gioi-thieu-ban-be","status":"publish","type":"page","link":"https:\/\/123ai.vn\/learn\/gioi-thieu-ban-be\/","title":{"rendered":"Gi\u1edbi thi\u1ec7u b\u1ea1n b\u00e8"},"content":{"rendered":"<p>Ch\u00e0o m\u1eebng b\u1ea1n \u0111\u1ebfn v\u1edbi ch\u01b0\u01a1ng tr\u00ecnh gi\u1edbi thi\u1ec7u b\u1ea1n b\u00e8, v\u1edbi m\u1ed7i t\u00e0i kho\u1ea3n \u0111\u0103ng k\u00fd v\u00e0 c\u00f3 thanh to\u00e1n b\u1ea1n s\u1ebd nh\u1eadn \u0111\u01b0\u1ee3c 30 ng\u00e0y s\u1eed d\u1ee5ng v\u00e0 ng\u01b0\u1eddi gi\u1edbi thi\u1ec7u c\u0169ng \u0111\u01b0\u1ee3c t\u1eb7ng th\u00eam 30 ng\u00e0y.<\/p>\n<p>Vui l\u00f2ng <a href=\"https:\/\/123ai.vn\/learn\/wp-login.php\">\u0111\u0103ng nh\u1eadp<\/a> \u0111\u1ec3 xem trang gi\u1edbi thi\u1ec7u.<\/p>\n","protected":false},"excerpt":{"rendered":"<p>Ch\u00e0o m\u1eebng b\u1ea1n \u0111\u1ebfn v\u1edbi ch\u01b0\u01a1ng tr\u00ecnh gi\u1edbi thi\u1ec7u b\u1ea1n b\u00e8, v\u1edbi m\u1ed7i t\u00e0i kho\u1ea3n \u0111\u0103ng k\u00fd v\u00e0 c\u00f3 thanh [&hellip;]<\/p>\n","protected":false},"author":4,"featured_media":0,"parent":0,"menu_order":0,"comment_status":"closed","ping_status":"closed","template":"","meta":{"site-sidebar-layout":"default","site-content-layout":"","ast-site-content-layout":"default","site-content-style":"default","site-sidebar-style":"default","ast-global-header-display":"","ast-banner-title-visibility":"","ast-main-header-display":"","ast-hfb-above-header-display":"","ast-hfb-below-header-display":"","ast-hfb-mobile-header-display":"","site-post-title":"","ast-breadcrumbs-content":"","ast-featured-img":"","footer-sml-layout":"","ast-disable-related-posts":"","theme-transparent-header-meta":"default","adv-header-id-meta":"","stick-header-meta":"","header-above-stick-meta":"","header-main-stick-meta":"","header-below-stick-meta":"","astra-migrate-meta-layouts":"set","ast-page-background-enabled":"default","ast-page-background-meta":{"desktop":{"background-color":"var(--ast-global-color-5)","background-image":"","background-repeat":"repeat","background-position":"center center","background-size":"auto","background-attachment":"scroll","background-type":"","background-media":"","overlay-type":"","overlay-color":"","overlay-opacity":"","overlay-gradient":""},"tablet":{"background-color":"","background-image":"","background-repeat":"repeat","background-position":"center center","background-size":"auto","background-attachment":"scroll","background-type":"","background-media":"","overlay-type":"","overlay-color":"","overlay-opacity":"","overlay-gradient":""},"mobile":{"background-color":"","background-image":"","background-repeat":"repeat","background-position":"center center","background-size":"auto","background-attachment":"scroll","background-type":"","background-media":"","overlay-type":"","overlay-color":"","overlay-opacity":"","overlay-gradient":""}},"ast-content-background-meta":{"desktop":{"background-color":"var(--ast-global-color-4)","background-image":"","background-repeat":"repeat","background-position":"center center","background-size":"auto","background-attachment":"scroll","background-type":"","background-media":"","overlay-type":"","overlay-color":"","overlay-opacity":"","overlay-gradient":""},"tablet":{"background-color":"var(--ast-global-color-4)","background-image":"","background-repeat":"repeat","background-position":"center center","background-size":"auto","background-attachment":"scroll","background-type":"","background-media":"","overlay-type":"","overlay-color":"","overlay-opacity":"","overlay-gradient":""},"mobile":{"background-color":"var(--ast-global-color-4)","background-image":"","background-repeat":"repeat","background-position":"center center","background-size":"auto","background-attachment":"scroll","background-type":"","background-media":"","overlay-type":"","overlay-color":"","overlay-opacity":"","overlay-gradient":""}},"footnotes":""},"class_list":["post-8468","page","type-page","status-publish","hentry"],"jetpack_sharing_enabled":true,"_links":{"self":[{"href":"https:\/\/123ai.vn\/learn\/wp-json\/wp\/v2\/pages\/8468","targetHints":{"allow":["GET"]}}],"collection":[{"href":"https:\/\/123ai.vn\/learn\/wp-json\/wp\/v2\/pages"}],"about":[{"href":"https:\/\/123ai.vn\/learn\/wp-json\/wp\/v2\/types\/page"}],"author":[{"embeddable":true,"href":"https:\/\/123ai.vn\/learn\/wp-json\/wp\/v2\/users\/4"}],"replies":[{"embeddable":true,"href":"https:\/\/123ai.vn\/learn\/wp-json\/wp\/v2\/comments?post=8468"}],"version-history":[{"count":3,"href":"https:\/\/123ai.vn\/learn\/wp-json\/wp\/v2\/pages\/8468\/revisions"}],"predecessor-version":[{"id":8473,"href":"https:\/\/123ai.vn\/learn\/wp-json\/wp\/v2\/pages\/8468\/revisions\/8473"}],"wp:attachment":[{"href":"https:\/\/123ai.vn\/learn\/wp-json\/wp\/v2\/media?parent=8468"}],"curies":[{"name":"wp","href":"https:\/\/api.w.org\/{rel}","templated":true}]}}