{"id":7790,"date":"2025-05-03T11:40:18","date_gmt":"2025-05-03T11:40:18","guid":{"rendered":"https:\/\/123ai.vn\/?page_id=7790"},"modified":"2025-09-10T14:08:04","modified_gmt":"2025-09-10T14:08:04","slug":"khuyen-mai","status":"publish","type":"page","link":"https:\/\/123ai.vn\/learn\/khuyen-mai\/","title":{"rendered":"Khuy\u1ebfn m\u00e3i"},"content":{"rendered":"<p>Chi ph\u00ed <strong>300K\/th\u00e1ng ~ 10K\/ng\u00e0y<\/strong>\u00a0\u0111\u1ec3 h\u1ecdc \u0111\u01b0\u1ee3c to\u00e0n b\u1ed9 Level trong website n\u00e0y<\/p>\n<p style=\"color: red;\"><strong>Khuy\u1ebfn m\u00e3i k\u00edch ho\u1ea1t nhanh:<\/strong><\/p>\n<pre>D\u00f9ng t\u00ednh n\u0103ng k\u00edch ho\u1ea1t nhanh t\u1ef1 \u0111\u1ed9ng qua QR (<strong>100K \u0111\u01b0\u1ee3c 30 ng\u00e0y, 500K \u0111\u01b0\u1ee3c 365 ng\u00e0y<\/strong>)\r\n\r\nLink thanh to\u00e1n nhanh qua QR: <a href=\"https:\/\/123ai.vn\/kich-hoat-nhanh\/\">https:\/\/123ai.vn\/kich-hoat-nhanh\/<\/a>\r\n\r\n<\/pre>\n","protected":false},"excerpt":{"rendered":"<p>Chi ph\u00ed 300K\/th\u00e1ng ~ 10K\/ng\u00e0y\u00a0\u0111\u1ec3 h\u1ecdc \u0111\u01b0\u1ee3c to\u00e0n b\u1ed9 Level trong website n\u00e0y Khuy\u1ebfn m\u00e3i k\u00edch ho\u1ea1t nhanh: D\u00f9ng t\u00ednh [&hellip;]<\/p>\n","protected":false},"author":2,"featured_media":0,"parent":0,"menu_order":0,"comment_status":"closed","ping_status":"closed","template":"","meta":{"site-sidebar-layout":"default","site-content-layout":"","ast-site-content-layout":"default","site-content-style":"default","site-sidebar-style":"default","ast-global-header-display":"","ast-banner-title-visibility":"","ast-main-header-display":"","ast-hfb-above-header-display":"","ast-hfb-below-header-display":"","ast-hfb-mobile-header-display":"","site-post-title":"","ast-breadcrumbs-content":"","ast-featured-img":"","footer-sml-layout":"","ast-disable-related-posts":"","theme-transparent-header-meta":"default","adv-header-id-meta":"","stick-header-meta":"","header-above-stick-meta":"","header-main-stick-meta":"","header-below-stick-meta":"","astra-migrate-meta-layouts":"set","ast-page-background-enabled":"default","ast-page-background-meta":{"desktop":{"background-color":"var(--ast-global-color-5)","background-image":"","background-repeat":"repeat","background-position":"center center","background-size":"auto","background-attachment":"scroll","background-type":"","background-media":"","overlay-type":"","overlay-color":"","overlay-opacity":"","overlay-gradient":""},"tablet":{"background-color":"","background-image":"","background-repeat":"repeat","background-position":"center center","background-size":"auto","background-attachment":"scroll","background-type":"","background-media":"","overlay-type":"","overlay-color":"","overlay-opacity":"","overlay-gradient":""},"mobile":{"background-color":"","background-image":"","background-repeat":"repeat","background-position":"center center","background-size":"auto","background-attachment":"scroll","background-type":"","background-media":"","overlay-type":"","overlay-color":"","overlay-opacity":"","overlay-gradient":""}},"ast-content-background-meta":{"desktop":{"background-color":"var(--ast-global-color-4)","background-image":"","background-repeat":"repeat","background-position":"center center","background-size":"auto","background-attachment":"scroll","background-type":"","background-media":"","overlay-type":"","overlay-color":"","overlay-opacity":"","overlay-gradient":""},"tablet":{"background-color":"var(--ast-global-color-4)","background-image":"","background-repeat":"repeat","background-position":"center center","background-size":"auto","background-attachment":"scroll","background-type":"","background-media":"","overlay-type":"","overlay-color":"","overlay-opacity":"","overlay-gradient":""},"mobile":{"background-color":"var(--ast-global-color-4)","background-image":"","background-repeat":"repeat","background-position":"center center","background-size":"auto","background-attachment":"scroll","background-type":"","background-media":"","overlay-type":"","overlay-color":"","overlay-opacity":"","overlay-gradient":""}},"footnotes":""},"class_list":["post-7790","page","type-page","status-publish","hentry"],"jetpack_sharing_enabled":true,"_links":{"self":[{"href":"https:\/\/123ai.vn\/learn\/wp-json\/wp\/v2\/pages\/7790","targetHints":{"allow":["GET"]}}],"collection":[{"href":"https:\/\/123ai.vn\/learn\/wp-json\/wp\/v2\/pages"}],"about":[{"href":"https:\/\/123ai.vn\/learn\/wp-json\/wp\/v2\/types\/page"}],"author":[{"embeddable":true,"href":"https:\/\/123ai.vn\/learn\/wp-json\/wp\/v2\/users\/2"}],"replies":[{"embeddable":true,"href":"https:\/\/123ai.vn\/learn\/wp-json\/wp\/v2\/comments?post=7790"}],"version-history":[{"count":26,"href":"https:\/\/123ai.vn\/learn\/wp-json\/wp\/v2\/pages\/7790\/revisions"}],"predecessor-version":[{"id":8549,"href":"https:\/\/123ai.vn\/learn\/wp-json\/wp\/v2\/pages\/7790\/revisions\/8549"}],"wp:attachment":[{"href":"https:\/\/123ai.vn\/learn\/wp-json\/wp\/v2\/media?parent=7790"}],"curies":[{"name":"wp","href":"https:\/\/api.w.org\/{rel}","templated":true}]}}