{"id":7610,"date":"2025-04-20T13:20:50","date_gmt":"2025-04-20T13:20:50","guid":{"rendered":"https:\/\/123ai.vn\/tutor-login-2\/"},"modified":"2025-09-25T14:07:42","modified_gmt":"2025-09-25T14:07:42","slug":"tutor-login-2","status":"publish","type":"page","link":"https:\/\/123ai.vn\/learn\/tutor-login-2\/","title":{"rendered":"\u0110\u0103ng nh\u1eadp t\u1ea1i \u0111\u00e2y"},"content":{"rendered":"<style>\n\/* \u1ea8n form \u0111\u0103ng nh\u1eadp th\u1ee7 c\u00f4ng *\/<br \/>\n.tutor-login-form-wrapper form {<br \/>\n    display: none !important;<br \/>\n}<\/p>\n<p>\/* \u1ea8n ti\u00eau \u0111\u1ec1 \"Hi, Welcome back!\" *\/<br \/>\n.tutor-login-form-wrapper .tutor-fs-5 {<br \/>\n    display: none !important;<br \/>\n}<\/p>\n<p>\/* T\u00f9y ch\u1ecdn: C\u0103n gi\u1eefa v\u00e0 l\u00e0m n\u1ed5i b\u1eadt n\u00fat Google *\/<br \/>\n#tutor-pro-social-authentication {<br \/>\n    text-align: center;<br \/>\n    padding: 40px 20px;<br \/>\n}<\/p>\n<p>\/* T\u00f9y ch\u1ecdn: Style l\u1ea1i n\u00fat Google \u0111\u1ec3 \u0111\u1eb9p h\u01a1n *\/<br \/>\n#tutor-pro-google-authentication button {<br \/>\n    width: 100%;<br \/>\n    max-width: 300px;<br \/>\n    padding: 12px 20px;<br \/>\n    font-size: 16px;<br \/>\n    border-radius: 6px;<br \/>\n    margin: 0 auto;<br \/>\n}<span data-mce-type=\"bookmark\" style=\"display: inline-block; width: 0px; overflow: hidden; line-height: 0;\" class=\"mce_SELRES_start\">\ufeff<\/span><br \/>\n<\/style>\n\n<div class=\"tutor-wrap tutor-page-wrap post-7610 page type-page status-publish hentry\">\n\t<div class=\"tutor-template-segment tutor-login-wrap\">\n\t\t<div class=\"tutor-login-form-wrapper\">\n\t\t\t<div class=\"tutor-fs-5 tutor-color-black tutor-mb-32\">\n\t\t\t\tHi, Welcome back!\t\t\t<\/div>\n\t\t\t<form id=\"tutor-login-form\" method=\"post\">\n\t\t<input type=\"hidden\" id=\"_tutor_nonce\" name=\"_tutor_nonce\" value=\"d81cd6fbf1\" \/><input type=\"hidden\" name=\"_wp_http_referer\" value=\"\/learn\/wp-json\/wp\/v2\/pages\/7610\" \/>\t<input type=\"hidden\" name=\"tutor_action\" value=\"tutor_user_login\" \/>\n\t<input type=\"hidden\" name=\"redirect_to\" value=\"https:\/\/123ai.vn\/learn\/dashboard\/\" \/>\n\n\t<div class=\"tutor-mb-20\">\n\t\t<input type=\"text\" class=\"tutor-form-control\" placeholder=\"T\u00ean \u0111\u0103ng nh\u1eadp \/ Email\" name=\"log\" value=\"\" size=\"20\" required\/>\n\t<\/div>\n\n\t<div class=\"tutor-mb-32\">\n\t\t<input type=\"password\" class=\"tutor-form-control\" placeholder=\"M\u1eadt kh\u1ea9u\" name=\"pwd\" value=\"\" size=\"20\" required\/>\n\t<\/div>\n\n\t<div class=\"tutor-login-error\"><\/div>\n\t\t\t<input type=\"hidden\" name=\"timezone\" value=\"+00:00\" \/>\n\t\t<script>\n\t\t\tdocument.addEventListener('DOMContentLoaded', function() {\n\t\t\t\tconst timezone = document.querySelector('input[name=\"timezone\"]');\n\t\t\t\tif ( timezone) {\n\t\t\t\t\tconst tz = Intl.DateTimeFormat().resolvedOptions().timeZone;\n\t\t\t\t\ttimezone.value = tz\n\t\t\t\t}\n\t\t\t});\n\t\t<\/script>\n\t\t\t\t\t<div style=\"margin: 5px 0 20px;\">\n\t\t\t\t<p style=\"font-size: 14px;\">\n\t\t\t\t\tCh\u1ee9ng minh b\u1ea1n l\u00e0 ng\u01b0\u1eddi\t\t\t\t<\/p>\n\t\t\t\t<br\/>\n\t\t\t\t<label for=\"jetpack_protect_answer\" style=\"vertical-align:super;\">\n\t\t\t\t\t2 &nbsp; + &nbsp; 10 &nbsp; = &nbsp;\t\t\t\t<\/label>\n\t\t\t\t<input type=\"number\" id=\"jetpack_protect_answer\" name=\"jetpack_protect_num\" value=\"\" size=\"2\" style=\"width:50px;height:25px;vertical-align:middle;font-size:13px;\" class=\"input\" \/>\n\t\t\t\t<input type=\"hidden\" name=\"jetpack_protect_answer\" value=\"a4b12ca75dba8df4cfeb714cc2ff9907cf1ed4f7\" \/>\n\t\t\t<\/div>\n\t\t\t\t<div class=\"tutor-d-flex tutor-justify-between tutor-align-center tutor-mb-40\">\n\t\t<div class=\"tutor-form-check\">\n\t\t\t<input id=\"tutor-login-agmnt-1\" type=\"checkbox\" class=\"tutor-form-check-input tutor-bg-black-40\" name=\"rememberme\" value=\"forever\" \/>\n\t\t\t<label for=\"tutor-login-agmnt-1\" class=\"tutor-fs-7 tutor-color-muted\">\n\t\t\t\tL\u01b0u \u0111\u0103ng nh\u1eadp\t\t\t<\/label>\n\t\t<\/div>\n\t\t<a href=\"https:\/\/123ai.vn\/learn\/dashboard\/retrieve-password\" class=\"tutor-btn tutor-btn-ghost\">\n\t\t\tQu\u00ean m\u1eadt kh\u1ea9u?\t\t<\/a>\n\t<\/div>\n\n\t\t<button type=\"submit\" class=\"tutor-btn tutor-btn-primary tutor-btn-block\">\n\t\t\u0110\u0103ng nh\u1eadp\t<\/button>\n\t\n\t\t\t\t\t<div class=\"tutor-text-center tutor-fs-6 tutor-color-secondary tutor-mt-20\">\n\t\t\tCh\u01b0a c\u00f3 t\u00e0i kho\u1ea3n?&nbsp;\n\t\t\t<a href=\"https:\/\/123ai.vn\/learn\/trang-dang-ky-hoc-vien\/?redirect_to=https:\/\/123ai.vn\/learn\/wp-json\/wp\/v2\/pages\/7610\" class=\"tutor-btn tutor-btn-link\">\n\t\t\t\t\u0110\u0103ng K\u00fd Ngay\t\t\t<\/a>\n\t\t<\/div>\n\t\t<\/form>\n<script>\n\tdocument.addEventListener('DOMContentLoaded', function() {\n\t\tvar { __ } = wp.i18n;\n\t\tvar loginModal = document.querySelector('.tutor-modal.tutor-login-modal');\n\t\tvar errors = [];\n\t\tif (loginModal && errors.length) {\n\t\t\tloginModal.classList.add('tutor-is-active');\n\t\t}\n\t});\n<\/script>\n\t\t\t\t\t<\/div>\n\t\t\t\t<style>\n\t\t\t#tutor-pro-twitter-login {\n\t\t\t\twidth: 400px; background-color: #00acee; border-color: #00acee; font-weight: bold;\n\t\t\t}\n\t\t<\/style>\n\t\t<div id=\"tutor-pro-social-authentication\" class=\"tutor-pt-24 tutor-d-flex tutor-flex-column tutor-align-center tutor-border-top-light\" style=\"gap: 10px;\">\n\t\t\t\t\t\t\t\t<div class=\"tutor-d-flex tutor-justify-center\" id=\"tutor-pro-google-authentication\">\n\t\t\t\t\t\t\n\t\t\t\t\t\t\t\t\t\t\t<\/div>\n\t\t\t\t\t\t\t<\/div>\n\t\t\t<\/div>\n<\/div>\n\n","protected":false},"excerpt":{"rendered":"","protected":false},"author":4,"featured_media":0,"parent":0,"menu_order":0,"comment_status":"closed","ping_status":"closed","template":"","meta":{"site-sidebar-layout":"default","site-content-layout":"","ast-site-content-layout":"default","site-content-style":"default","site-sidebar-style":"default","ast-global-header-display":"","ast-banner-title-visibility":"","ast-main-header-display":"","ast-hfb-above-header-display":"","ast-hfb-below-header-display":"","ast-hfb-mobile-header-display":"","site-post-title":"","ast-breadcrumbs-content":"","ast-featured-img":"","footer-sml-layout":"","ast-disable-related-posts":"","theme-transparent-header-meta":"default","adv-header-id-meta":"","stick-header-meta":"","header-above-stick-meta":"","header-main-stick-meta":"","header-below-stick-meta":"","astra-migrate-meta-layouts":"set","ast-page-background-enabled":"default","ast-page-background-meta":{"desktop":{"background-color":"var(--ast-global-color-5)","background-image":"","background-repeat":"repeat","background-position":"center center","background-size":"auto","background-attachment":"scroll","background-type":"","background-media":"","overlay-type":"","overlay-color":"","overlay-opacity":"","overlay-gradient":""},"tablet":{"background-color":"","background-image":"","background-repeat":"repeat","background-position":"center center","background-size":"auto","background-attachment":"scroll","background-type":"","background-media":"","overlay-type":"","overlay-color":"","overlay-opacity":"","overlay-gradient":""},"mobile":{"background-color":"","background-image":"","background-repeat":"repeat","background-position":"center center","background-size":"auto","background-attachment":"scroll","background-type":"","background-media":"","overlay-type":"","overlay-color":"","overlay-opacity":"","overlay-gradient":""}},"ast-content-background-meta":{"desktop":{"background-color":"var(--ast-global-color-4)","background-image":"","background-repeat":"repeat","background-position":"center center","background-size":"auto","background-attachment":"scroll","background-type":"","background-media":"","overlay-type":"","overlay-color":"","overlay-opacity":"","overlay-gradient":""},"tablet":{"background-color":"var(--ast-global-color-4)","background-image":"","background-repeat":"repeat","background-position":"center center","background-size":"auto","background-attachment":"scroll","background-type":"","background-media":"","overlay-type":"","overlay-color":"","overlay-opacity":"","overlay-gradient":""},"mobile":{"background-color":"var(--ast-global-color-4)","background-image":"","background-repeat":"repeat","background-position":"center center","background-size":"auto","background-attachment":"scroll","background-type":"","background-media":"","overlay-type":"","overlay-color":"","overlay-opacity":"","overlay-gradient":""}},"footnotes":""},"class_list":["post-7610","page","type-page","status-publish","hentry"],"jetpack_sharing_enabled":true,"_links":{"self":[{"href":"https:\/\/123ai.vn\/learn\/wp-json\/wp\/v2\/pages\/7610","targetHints":{"allow":["GET"]}}],"collection":[{"href":"https:\/\/123ai.vn\/learn\/wp-json\/wp\/v2\/pages"}],"about":[{"href":"https:\/\/123ai.vn\/learn\/wp-json\/wp\/v2\/types\/page"}],"author":[{"embeddable":true,"href":"https:\/\/123ai.vn\/learn\/wp-json\/wp\/v2\/users\/4"}],"replies":[{"embeddable":true,"href":"https:\/\/123ai.vn\/learn\/wp-json\/wp\/v2\/comments?post=7610"}],"version-history":[{"count":3,"href":"https:\/\/123ai.vn\/learn\/wp-json\/wp\/v2\/pages\/7610\/revisions"}],"predecessor-version":[{"id":8665,"href":"https:\/\/123ai.vn\/learn\/wp-json\/wp\/v2\/pages\/7610\/revisions\/8665"}],"wp:attachment":[{"href":"https:\/\/123ai.vn\/learn\/wp-json\/wp\/v2\/media?parent=7610"}],"curies":[{"name":"wp","href":"https:\/\/api.w.org\/{rel}","templated":true}]}}