{"id":7506,"date":"2025-04-04T08:27:45","date_gmt":"2025-04-04T08:27:45","guid":{"rendered":"https:\/\/123ai.vn\/membership-pricing-5\/"},"modified":"2025-04-04T08:27:45","modified_gmt":"2025-04-04T08:27:45","slug":"membership-pricing-5","status":"publish","type":"page","link":"https:\/\/123ai.vn\/learn\/membership-pricing-5\/","title":{"rendered":"Pricing"},"content":{"rendered":"\n<div class=\"tutor-membership-pricing-page\">\n\t<div class=\"tutor-container\">\n\t\t\n\t\t<div class=\"tutor-row tutor-g-3\">\n\t\t\t\t\t\t<div class=\"tutor-col-md-4\">\n\t\t\t\t<div class=\"tutor-membership-pricing-item \">\n\t\t\t\t\t\t\t\t\t\t<div class=\"tutor-membership-pricing-item-inner\">\n\t\t\t\t\t\t<h5 class=\"tutor-membership-pricing-title\">VIP theo th\u00e1ng<\/h5>\n\t\t\t\t\t\t<div class=\"tutor-pricing-price\">\n\t\t\t\t\t\t\t<h3 class=\"tutor-pricing-price-amount\">\n\t\t\t\t\t\t\t\t300.000\u20ab\t\t\t\t\t\t\t\t\t\t\t\t\t\t\t<\/h3>\n\t\t\t\t\t\t\t<div class=\"tutor-d-flex tutor-flex-column\">\n\t\t\t\t\t\t\t\t\t\t\t\t\t\t\t\t<span class=\"tutor-pricing-price-duration\">\/Month<\/span>\n\t\t\t\t\t\t\t<\/div>\n\t\t\t\t\t\t<\/div>\n\t\t\t\t\t\t<p class=\"tutor-short-description\">Vip m\u1edbi v\u00e0o h\u1ecdc t\u1ea5t c\u1ea3 c\u00e1c Level, \u0111\u00f3ng ti\u1ec1n m\u1ed7i th\u00e1ng<\/p>\n\t\t\t\t\t\t<div class=\"tutor-action tutor-text-center tutor-mb-32\">\n\t\t\t\t\t\t\t<a href=\"https:\/\/123ai.vn\/learn\/?post_type=page&#038;p=9&#038;plan=2\" class=\"tutor-btn tutor-btn-lg tutor-btn-block tutor-btn-outline-primary tutor-open-login-modal \">\n\t\t\t\t\t\t\t\tTi\u1ebfp t\u1ee5c\t\t\t\t\t\t\t<\/a>\n\t\t\t\t\t\t<\/div>\n\t\t\t\t\t\t<ul class=\"tutor-pricing-features\">\n\t\t\t\t\t\t\t\t\t\t\t\t\t<\/ul>\n\t\t\t\t\t<\/div>\n\t\t\t\t<\/div>\n\t\t\t<\/div>\n\t\t\t\t\t\t\t<div class=\"tutor-col-md-4\">\n\t\t\t\t<div class=\"tutor-membership-pricing-item \">\n\t\t\t\t\t\t\t\t\t\t<div class=\"tutor-membership-pricing-item-inner\">\n\t\t\t\t\t\t<h5 class=\"tutor-membership-pricing-title\">Vip nguy\u00ean n\u0103m<\/h5>\n\t\t\t\t\t\t<div class=\"tutor-pricing-price\">\n\t\t\t\t\t\t\t<h3 class=\"tutor-pricing-price-amount\">\n\t\t\t\t\t\t\t\t900.000\u20ab\t\t\t\t\t\t\t\t\t\t\t\t\t\t\t<\/h3>\n\t\t\t\t\t\t\t<div class=\"tutor-d-flex tutor-flex-column\">\n\t\t\t\t\t\t\t\t\t\t\t\t\t\t\t\t<del \n\t\t\t\t\t\t\t\t\tclass=\"tutor-pricing-price-discount\">\n\t\t\t\t\t\t\t\t\t3.600.000\u20ab\t\t\t\t\t\t\t\t<\/del>\n\t\t\t\t\t\t\t\t\t\t\t\t\t\t\t\t<span class=\"tutor-pricing-price-duration\">\/Year<\/span>\n\t\t\t\t\t\t\t<\/div>\n\t\t\t\t\t\t<\/div>\n\t\t\t\t\t\t<p class=\"tutor-short-description\">H\u1ecdc to\u00e0n b\u1ed9 AI Level tho\u1ea3i m\u00e1i c\u1ea3 n\u0103m (ti\u1ebft ki\u1ec7m 75%)<\/p>\n\t\t\t\t\t\t<div class=\"tutor-action tutor-text-center tutor-mb-32\">\n\t\t\t\t\t\t\t<a href=\"https:\/\/123ai.vn\/learn\/?post_type=page&#038;p=9&#038;plan=3\" class=\"tutor-btn tutor-btn-lg tutor-btn-block tutor-btn-outline-primary tutor-open-login-modal \">\n\t\t\t\t\t\t\t\tTi\u1ebfp t\u1ee5c\t\t\t\t\t\t\t<\/a>\n\t\t\t\t\t\t<\/div>\n\t\t\t\t\t\t<ul class=\"tutor-pricing-features\">\n\t\t\t\t\t\t\t\t\t\t\t\t\t<\/ul>\n\t\t\t\t\t<\/div>\n\t\t\t\t<\/div>\n\t\t\t<\/div>\n\t\t\t\t\t\t<\/div>\n\t<\/div>\n<\/div>\n\n<div class=\"tutor-modal tutor-login-modal\">\n\t<div class=\"tutor-modal-overlay\"><\/div>\n\t<div class=\"tutor-modal-window tutor-modal-window-sm\">\n\t\t<div class=\"tutor-modal-content tutor-modal-content-white\">\n\t\t\t<button class=\"tutor-iconic-btn tutor-modal-close-o\" data-tutor-modal-close>\n\t\t\t\t<span class=\"tutor-icon-times\" area-hidden=\"true\"><\/span>\n\t\t\t<\/button>\n\n\t\t\t<div class=\"tutor-modal-body\">\n\t\t\t\t<div class=\"tutor-py-48\">\n\t\t\t\t\t\t\t\t\t\t<div class=\"tutor-fs-4 tutor-fw-medium tutor-color-black tutor-mb-32\">Xin ch\u00e0o, Ch\u00e0o m\u1eebng tr\u1edf l\u1ea1i!<\/div>\n\t\t\t\t\t<form id=\"tutor-login-form\" method=\"post\">\n\t\t<input type=\"hidden\" id=\"_tutor_nonce\" name=\"_tutor_nonce\" value=\"d81cd6fbf1\" \/><input type=\"hidden\" name=\"_wp_http_referer\" value=\"\/learn\/wp-json\/wp\/v2\/pages\/7506\" \/>\t<input type=\"hidden\" name=\"tutor_action\" value=\"tutor_user_login\" \/>\n\t<input type=\"hidden\" name=\"redirect_to\" value=\"https:\/\/123ai.vn\/learn\/wp-json\/wp\/v2\/pages\/7506\" \/>\n\n\t<div class=\"tutor-mb-20\">\n\t\t<input type=\"text\" class=\"tutor-form-control\" placeholder=\"T\u00ean \u0111\u0103ng nh\u1eadp \/ Email\" name=\"log\" value=\"\" size=\"20\" required\/>\n\t<\/div>\n\n\t<div class=\"tutor-mb-32\">\n\t\t<input type=\"password\" class=\"tutor-form-control\" placeholder=\"M\u1eadt kh\u1ea9u\" name=\"pwd\" value=\"\" size=\"20\" required\/>\n\t<\/div>\n\n\t<div class=\"tutor-login-error\"><\/div>\n\t\t\t<input type=\"hidden\" name=\"timezone\" value=\"+00:00\" \/>\n\t\t<script>\n\t\t\tdocument.addEventListener('DOMContentLoaded', function() {\n\t\t\t\tconst timezone = document.querySelector('input[name=\"timezone\"]');\n\t\t\t\tif ( timezone) {\n\t\t\t\t\tconst tz = Intl.DateTimeFormat().resolvedOptions().timeZone;\n\t\t\t\t\ttimezone.value = tz\n\t\t\t\t}\n\t\t\t});\n\t\t<\/script>\n\t\t\t\t\t<div style=\"margin: 5px 0 20px;\">\n\t\t\t\t<p style=\"font-size: 14px;\">\n\t\t\t\t\tCh\u1ee9ng minh b\u1ea1n l\u00e0 ng\u01b0\u1eddi\t\t\t\t<\/p>\n\t\t\t\t<br\/>\n\t\t\t\t<label for=\"jetpack_protect_answer\" style=\"vertical-align:super;\">\n\t\t\t\t\t6 &nbsp; + &nbsp; 6 &nbsp; = &nbsp;\t\t\t\t<\/label>\n\t\t\t\t<input type=\"number\" id=\"jetpack_protect_answer\" name=\"jetpack_protect_num\" value=\"\" size=\"2\" style=\"width:50px;height:25px;vertical-align:middle;font-size:13px;\" class=\"input\" \/>\n\t\t\t\t<input type=\"hidden\" name=\"jetpack_protect_answer\" value=\"a4b12ca75dba8df4cfeb714cc2ff9907cf1ed4f7\" \/>\n\t\t\t<\/div>\n\t\t\t\t<div class=\"tutor-d-flex tutor-justify-between tutor-align-center tutor-mb-40\">\n\t\t<div class=\"tutor-form-check\">\n\t\t\t<input id=\"tutor-login-agmnt-1\" type=\"checkbox\" class=\"tutor-form-check-input tutor-bg-black-40\" name=\"rememberme\" value=\"forever\" \/>\n\t\t\t<label for=\"tutor-login-agmnt-1\" class=\"tutor-fs-7 tutor-color-muted\">\n\t\t\t\tL\u01b0u \u0111\u0103ng nh\u1eadp\t\t\t<\/label>\n\t\t<\/div>\n\t\t<a href=\"https:\/\/123ai.vn\/learn\/dashboard\/retrieve-password\" class=\"tutor-btn tutor-btn-ghost\">\n\t\t\tQu\u00ean m\u1eadt kh\u1ea9u?\t\t<\/a>\n\t<\/div>\n\n\t\t<button type=\"submit\" class=\"tutor-btn tutor-btn-primary tutor-btn-block\">\n\t\t\u0110\u0103ng nh\u1eadp\t<\/button>\n\t\n\t\t\t\t\t<div class=\"tutor-text-center tutor-fs-6 tutor-color-secondary tutor-mt-20\">\n\t\t\tCh\u01b0a c\u00f3 t\u00e0i kho\u1ea3n?&nbsp;\n\t\t\t<a href=\"https:\/\/123ai.vn\/learn\/trang-dang-ky-hoc-vien\/?redirect_to=https:\/\/123ai.vn\/learn\/wp-json\/wp\/v2\/pages\/7506\" class=\"tutor-btn tutor-btn-link\">\n\t\t\t\t\u0110\u0103ng K\u00fd Ngay\t\t\t<\/a>\n\t\t<\/div>\n\t\t<\/form>\n<script>\n\tdocument.addEventListener('DOMContentLoaded', function() {\n\t\tvar { __ } = wp.i18n;\n\t\tvar loginModal = document.querySelector('.tutor-modal.tutor-login-modal');\n\t\tvar errors = [];\n\t\tif (loginModal && errors.length) {\n\t\t\tloginModal.classList.add('tutor-is-active');\n\t\t}\n\t});\n<\/script>\n\n\t\t\t\t\t\t\t\t\t<\/div>\n\t\t\t\t\t\t<style>\n\t\t\t#tutor-pro-twitter-login {\n\t\t\t\twidth: 400px; background-color: #00acee; border-color: #00acee; font-weight: bold;\n\t\t\t}\n\t\t<\/style>\n\t\t<div id=\"tutor-pro-social-authentication\" class=\"tutor-pt-24 tutor-d-flex tutor-flex-column tutor-align-center tutor-border-top-light\" style=\"gap: 10px;\">\n\t\t\t\t\t\t\t\t<div class=\"tutor-d-flex tutor-justify-center\" id=\"tutor-pro-google-authentication\">\n\t\t\t\t\t\t\n\t\t\t\t\t\t\t\t\t\t\t<\/div>\n\t\t\t\t\t\t\t<\/div>\n\t\t\t\t\t<\/div>\n\t\t<\/div>\n\t<\/div>\n<\/div>\n\n","protected":false},"excerpt":{"rendered":"","protected":false},"author":2,"featured_media":0,"parent":0,"menu_order":0,"comment_status":"closed","ping_status":"closed","template":"","meta":{"site-sidebar-layout":"default","site-content-layout":"","ast-site-content-layout":"default","site-content-style":"default","site-sidebar-style":"default","ast-global-header-display":"","ast-banner-title-visibility":"","ast-main-header-display":"","ast-hfb-above-header-display":"","ast-hfb-below-header-display":"","ast-hfb-mobile-header-display":"","site-post-title":"","ast-breadcrumbs-content":"","ast-featured-img":"","footer-sml-layout":"","ast-disable-related-posts":"","theme-transparent-header-meta":"","adv-header-id-meta":"","stick-header-meta":"","header-above-stick-meta":"","header-main-stick-meta":"","header-below-stick-meta":"","astra-migrate-meta-layouts":"default","ast-page-background-enabled":"default","ast-page-background-meta":{"desktop":{"background-color":"var(--ast-global-color-5)","background-image":"","background-repeat":"repeat","background-position":"center center","background-size":"auto","background-attachment":"scroll","background-type":"","background-media":"","overlay-type":"","overlay-color":"","overlay-opacity":"","overlay-gradient":""},"tablet":{"background-color":"","background-image":"","background-repeat":"repeat","background-position":"center center","background-size":"auto","background-attachment":"scroll","background-type":"","background-media":"","overlay-type":"","overlay-color":"","overlay-opacity":"","overlay-gradient":""},"mobile":{"background-color":"","background-image":"","background-repeat":"repeat","background-position":"center center","background-size":"auto","background-attachment":"scroll","background-type":"","background-media":"","overlay-type":"","overlay-color":"","overlay-opacity":"","overlay-gradient":""}},"ast-content-background-meta":{"desktop":{"background-color":"var(--ast-global-color-4)","background-image":"","background-repeat":"repeat","background-position":"center center","background-size":"auto","background-attachment":"scroll","background-type":"","background-media":"","overlay-type":"","overlay-color":"","overlay-opacity":"","overlay-gradient":""},"tablet":{"background-color":"var(--ast-global-color-4)","background-image":"","background-repeat":"repeat","background-position":"center center","background-size":"auto","background-attachment":"scroll","background-type":"","background-media":"","overlay-type":"","overlay-color":"","overlay-opacity":"","overlay-gradient":""},"mobile":{"background-color":"var(--ast-global-color-4)","background-image":"","background-repeat":"repeat","background-position":"center center","background-size":"auto","background-attachment":"scroll","background-type":"","background-media":"","overlay-type":"","overlay-color":"","overlay-opacity":"","overlay-gradient":""}},"footnotes":""},"class_list":["post-7506","page","type-page","status-publish","hentry"],"jetpack_sharing_enabled":true,"_links":{"self":[{"href":"https:\/\/123ai.vn\/learn\/wp-json\/wp\/v2\/pages\/7506","targetHints":{"allow":["GET"]}}],"collection":[{"href":"https:\/\/123ai.vn\/learn\/wp-json\/wp\/v2\/pages"}],"about":[{"href":"https:\/\/123ai.vn\/learn\/wp-json\/wp\/v2\/types\/page"}],"author":[{"embeddable":true,"href":"https:\/\/123ai.vn\/learn\/wp-json\/wp\/v2\/users\/2"}],"replies":[{"embeddable":true,"href":"https:\/\/123ai.vn\/learn\/wp-json\/wp\/v2\/comments?post=7506"}],"version-history":[{"count":0,"href":"https:\/\/123ai.vn\/learn\/wp-json\/wp\/v2\/pages\/7506\/revisions"}],"wp:attachment":[{"href":"https:\/\/123ai.vn\/learn\/wp-json\/wp\/v2\/media?parent=7506"}],"curies":[{"name":"wp","href":"https:\/\/api.w.org\/{rel}","templated":true}]}}