{"id":7458,"date":"2021-03-24T11:11:53","date_gmt":"2021-03-24T11:11:53","guid":{"rendered":"https:\/\/preview.tutorlms.com\/elementor-instructor\/?page_id=18"},"modified":"2025-09-25T14:22:29","modified_gmt":"2025-09-25T14:22:29","slug":"instructor","status":"publish","type":"page","link":"https:\/\/123ai.vn\/learn\/","title":{"rendered":"Homepage"},"content":{"rendered":"\t\t<div data-elementor-type=\"wp-page\" data-elementor-id=\"7458\" class=\"elementor elementor-7458\">\n\t\t\t\t\t\t<section class=\"elementor-section elementor-top-section elementor-element elementor-element-238a3ae elementor-section-full_width elementor-section-stretched elementor-section-height-default elementor-section-height-default\" data-id=\"238a3ae\" data-element_type=\"section\" data-settings=\"{&quot;background_background&quot;:&quot;classic&quot;,&quot;stretch_section&quot;:&quot;section-stretched&quot;}\">\n\t\t\t\t\t\t<div class=\"elementor-container elementor-column-gap-no\">\n\t\t\t\t\t<div class=\"elementor-column elementor-col-100 elementor-top-column elementor-element elementor-element-584b377\" data-id=\"584b377\" data-element_type=\"column\">\n\t\t\t<div class=\"elementor-widget-wrap elementor-element-populated\">\n\t\t\t\t\t\t<div class=\"elementor-element elementor-element-b7bf179 elementor-widget elementor-widget-image\" data-id=\"b7bf179\" data-element_type=\"widget\" data-widget_type=\"image.default\">\n\t\t\t\t<div class=\"elementor-widget-container\">\n\t\t\t\t\t\t\t\t\t\t\t\t\t\t\t<img decoding=\"async\" src=\"https:\/\/preview.tutorlms.com\/elementor-instructor\/wp-content\/uploads\/sites\/5\/2021\/03\/instructor_home_team_bg.png\" title=\"\" alt=\"\" loading=\"lazy\" \/>\t\t\t\t\t\t\t\t\t\t\t\t\t\t\t<\/div>\n\t\t\t\t<\/div>\n\t\t\t\t\t<\/div>\n\t\t<\/div>\n\t\t\t\t\t<\/div>\n\t\t<\/section>\n\t\t\t\t<section class=\"elementor-section elementor-top-section elementor-element elementor-element-eb3c094 elementor-section-boxed elementor-section-height-default elementor-section-height-default\" data-id=\"eb3c094\" data-element_type=\"section\" data-settings=\"{&quot;background_background&quot;:&quot;classic&quot;}\">\n\t\t\t\t\t\t<div class=\"elementor-container elementor-column-gap-default\">\n\t\t\t\t\t<div class=\"elementor-column elementor-col-100 elementor-top-column elementor-element elementor-element-0d9ffe3\" data-id=\"0d9ffe3\" data-element_type=\"column\">\n\t\t\t<div class=\"elementor-widget-wrap elementor-element-populated\">\n\t\t\t\t\t\t<div class=\"elementor-element elementor-element-3ab575b elementor-widget elementor-widget-heading\" data-id=\"3ab575b\" data-element_type=\"widget\" data-widget_type=\"heading.default\">\n\t\t\t\t<div class=\"elementor-widget-container\">\n\t\t\t\t\t<h3 class=\"elementor-heading-title elementor-size-default\">H\u01b0\u1edbng d\u1eabn s\u1eed d\u1ee5ng<\/h3>\t\t\t\t<\/div>\n\t\t\t\t<\/div>\n\t\t\t\t<div class=\"elementor-element elementor-element-02d19e6 elementor-widget elementor-widget-text-editor\" data-id=\"02d19e6\" data-element_type=\"widget\" data-widget_type=\"text-editor.default\">\n\t\t\t\t<div class=\"elementor-widget-container\">\n\t\t\t\t\t\t\t\t\t<p>M\u1eddi b\u1ea1n nh\u1ea5n v\u00e0o \u0111\u0103ng k\u00fd\/\u0111\u0103ng nh\u1eadp \u0111\u1ec3 b\u1eaft \u0111\u1ea7u, n\u1ebfu b\u1ea1n l\u00e0 ng\u01b0\u1eddi m\u1edbi vui l\u00f2ng xem video h\u01b0\u1edbng d\u1eabn b\u00ean d\u01b0\u1edbi ho\u1eb7c&nbsp;<a href=\"https:\/\/123ai.vn\/learn\/khoi-dong-voi-123ai\/\" target=\"_blank\">b\u1ea5m v\u00e0o \u0111\u00e2y xem c\u00e1c b\u01b0\u1edbc t\u1ea1o v\u00e0 k\u00edch ho\u1ea1t<\/a>.&nbsp;<\/p>\t\t\t\t\t\t\t\t<\/div>\n\t\t\t\t<\/div>\n\t\t\t\t\t<\/div>\n\t\t<\/div>\n\t\t\t\t\t<\/div>\n\t\t<\/section>\n\t\t<div class=\"elementor-element elementor-element-4cd85aa e-flex e-con-boxed e-con e-parent\" data-id=\"4cd85aa\" data-element_type=\"container\">\n\t\t\t\t\t<div class=\"e-con-inner\">\n\t\t<div class=\"elementor-element elementor-element-88178f4 e-con-full e-flex e-con e-child\" data-id=\"88178f4\" data-element_type=\"container\">\n\t\t\t\t<div class=\"elementor-element elementor-element-6eca801 elementor-widget elementor-widget-video\" data-id=\"6eca801\" data-element_type=\"widget\" data-settings=\"{&quot;youtube_url&quot;:&quot;https:\\\/\\\/www.youtube.com\\\/watch?v=WfVXwYFOddU&quot;,&quot;video_type&quot;:&quot;youtube&quot;,&quot;controls&quot;:&quot;yes&quot;}\" data-widget_type=\"video.default\">\n\t\t\t\t<div class=\"elementor-widget-container\">\n\t\t\t\t\t\t\t<div class=\"elementor-wrapper elementor-open-inline\">\n\t\t\t<div class=\"elementor-video\"><\/div>\t\t<\/div>\n\t\t\t\t\t\t<\/div>\n\t\t\t\t<\/div>\n\t\t\t\t<\/div>\n\t\t\t\t\t<\/div>\n\t\t\t\t<\/div>\n\t\t\t\t<section class=\"elementor-section elementor-top-section elementor-element elementor-element-c0e1147 elementor-section-boxed elementor-section-height-default elementor-section-height-default\" data-id=\"c0e1147\" data-element_type=\"section\" data-settings=\"{&quot;background_background&quot;:&quot;classic&quot;}\">\n\t\t\t\t\t\t<div class=\"elementor-container elementor-column-gap-default\">\n\t\t\t\t\t<div class=\"elementor-column elementor-col-100 elementor-top-column elementor-element elementor-element-972dad5\" data-id=\"972dad5\" data-element_type=\"column\">\n\t\t\t<div class=\"elementor-widget-wrap elementor-element-populated\">\n\t\t\t\t\t\t<div class=\"elementor-element elementor-element-e9000f7 elementor-widget elementor-widget-etlms-course-list tutor-addon etlms-course-list\" data-id=\"e9000f7\" data-element_type=\"widget\" data-widget_type=\"etlms-course-list.default\">\n\t\t\t\t<div class=\"elementor-widget-container\">\n\t\t\t\t\t<div class=\"tutor-wrap tutor-courses-wrap tutor-container etlms-course-list-main-wrap\">\n\t\t\t\t\t<div class=\"etlms-course-list-loop-wrap tutor-course-list tutor-grid tutor-grid-3\">\n\t\t\t\t\t\t\t<div class=\"etlms-course-list-col\">\n\t\t\t\t\t<div class=\"tutor-card tutor-course-card tutor-loop-course-container etlms-course-card-classic   etlms-has-hover-animation\">\n            <div class=\"tutor-course-thumbnail\">\n        <a href=\"https:\/\/123ai.vn\/learn\/courses\/tang-10-level-voi-ai\/\" class=\"tutor-d-block\">\n            <div class=\"tutor-ratio tutor-ratio-16x9\">\n                <img decoding=\"async\" class=\"tutor-card-image-top\" src=\"https:\/\/123ai.vn\/learn\/wp-content\/uploads\/2025\/04\/1a-1-768x512.png\" alt=\"AI Level 1: T\u1ed5ng quan v\u1ec1 AI\" loading=\"lazy\">\n            <\/div>\n        <\/a>\n    <\/div>\n\n    <div class=\"tutor-card-body\">\n        <h3 class=\"tutor-course-name tutor-fs-5 tutor-fw-medium tutor-mb-12\" title=\"AI Level 1: T\u1ed5ng quan v\u1ec1 AI\">\n    <a href=\"https:\/\/123ai.vn\/learn\/courses\/tang-10-level-voi-ai\/\">AI Level 1: T\u1ed5ng quan v\u1ec1 AI<\/a>\n<\/h3><div class=\"tutor-meta etlms-course-duration-meta tutor-mb-20\">\n            <div>\n            <span class=\"tutor-meta-icon tutor-icon-user-line\" area-hidden=\"true\"><\/span>\n            <span class=\"tutor-meta-value\">133<\/span>\n        <\/div>\n    \n            <div>\n            <span class=\"tutor-icon-clock-line tutor-meta-icon\" area-hidden=\"true\"><\/span>\n            <span class=\"tutor-meta-value\"> 10 gi\u1edd<\/span>\n        <\/div>\n    <\/div>\n\n    <\/div>\n\n    <div class=\"tutor-card-footer\">\n    <div class=\"tutor-d-flex tutor-align-center\">\n\t<a href=\"https:\/\/123ai.vn\/learn\/membership-pricing-5\/\" class=\"tutor-btn tutor-btn-outline-primary tutor-btn-md tutor-btn-block\">Xem chi ti\u1ebft<\/a>\n<\/div><\/div>\n<\/div>\t\t\t\t<\/div>\n\t\t\t\t\t\t\t<div class=\"etlms-course-list-col\">\n\t\t\t\t\t<div class=\"tutor-card tutor-course-card tutor-loop-course-container etlms-course-card-classic   etlms-has-hover-animation\">\n            <div class=\"tutor-course-thumbnail\">\n        <a href=\"https:\/\/123ai.vn\/learn\/courses\/ai-level-10-tao-video-voi-ai\/\" class=\"tutor-d-block\">\n            <div class=\"tutor-ratio tutor-ratio-16x9\">\n                <img decoding=\"async\" class=\"tutor-card-image-top\" src=\"https:\/\/123ai.vn\/learn\/wp-content\/uploads\/2025\/08\/banner-768x512.png\" alt=\"AI Level 10: T\u1ea1o video v\u1edbi AI\" loading=\"lazy\">\n            <\/div>\n        <\/a>\n    <\/div>\n\n    <div class=\"tutor-card-body\">\n        <h3 class=\"tutor-course-name tutor-fs-5 tutor-fw-medium tutor-mb-12\" title=\"AI Level 10: T\u1ea1o video v\u1edbi AI\">\n    <a href=\"https:\/\/123ai.vn\/learn\/courses\/ai-level-10-tao-video-voi-ai\/\">AI Level 10: T\u1ea1o video v\u1edbi AI<\/a>\n<\/h3><div class=\"tutor-meta etlms-course-duration-meta tutor-mb-20\">\n            <div>\n            <span class=\"tutor-meta-icon tutor-icon-user-line\" area-hidden=\"true\"><\/span>\n            <span class=\"tutor-meta-value\">6<\/span>\n        <\/div>\n    \n            <div>\n            <span class=\"tutor-icon-clock-line tutor-meta-icon\" area-hidden=\"true\"><\/span>\n            <span class=\"tutor-meta-value\"> 2 gi\u1edd<\/span>\n        <\/div>\n    <\/div>\n\n    <\/div>\n\n    <div class=\"tutor-card-footer\">\n    <div class=\"tutor-d-flex tutor-align-center\">\n\t<a href=\"https:\/\/123ai.vn\/learn\/membership-pricing-5\/\" class=\"tutor-btn tutor-btn-outline-primary tutor-btn-md tutor-btn-block\">Xem chi ti\u1ebft<\/a>\n<\/div><\/div>\n<\/div>\t\t\t\t<\/div>\n\t\t\t\t\t\t\t<div class=\"etlms-course-list-col\">\n\t\t\t\t\t<div class=\"tutor-card tutor-course-card tutor-loop-course-container etlms-course-card-classic   etlms-has-hover-animation\">\n            <div class=\"tutor-course-thumbnail\">\n        <a href=\"https:\/\/123ai.vn\/learn\/courses\/ai-level-2\/\" class=\"tutor-d-block\">\n            <div class=\"tutor-ratio tutor-ratio-16x9\">\n                <img decoding=\"async\" class=\"tutor-card-image-top\" src=\"https:\/\/123ai.vn\/learn\/wp-content\/uploads\/2025\/04\/1-1-768x768.jpg\" alt=\"AI Level 2: Master ChatGPT\" loading=\"lazy\">\n            <\/div>\n        <\/a>\n    <\/div>\n\n    <div class=\"tutor-card-body\">\n        <h3 class=\"tutor-course-name tutor-fs-5 tutor-fw-medium tutor-mb-12\" title=\"AI Level 2: Master ChatGPT\">\n    <a href=\"https:\/\/123ai.vn\/learn\/courses\/ai-level-2\/\">AI Level 2: Master ChatGPT<\/a>\n<\/h3><div class=\"tutor-meta etlms-course-duration-meta tutor-mb-20\">\n            <div>\n            <span class=\"tutor-meta-icon tutor-icon-user-line\" area-hidden=\"true\"><\/span>\n            <span class=\"tutor-meta-value\">78<\/span>\n        <\/div>\n    \n    <\/div>\n\n    <\/div>\n\n    <div class=\"tutor-card-footer\">\n    <div class=\"tutor-d-flex tutor-align-center\">\n\t<a href=\"https:\/\/123ai.vn\/learn\/membership-pricing-5\/\" class=\"tutor-btn tutor-btn-outline-primary tutor-btn-md tutor-btn-block\">Xem chi ti\u1ebft<\/a>\n<\/div><\/div>\n<\/div>\t\t\t\t<\/div>\n\t\t\t\t\t\t\t<div class=\"etlms-course-list-col\">\n\t\t\t\t\t<div class=\"tutor-card tutor-course-card tutor-loop-course-container etlms-course-card-classic   etlms-has-hover-animation\">\n            <div class=\"tutor-course-thumbnail\">\n        <a href=\"https:\/\/123ai.vn\/learn\/courses\/ai-level-3\/\" class=\"tutor-d-block\">\n            <div class=\"tutor-ratio tutor-ratio-16x9\">\n                <img decoding=\"async\" class=\"tutor-card-image-top\" src=\"https:\/\/123ai.vn\/learn\/wp-content\/uploads\/2025\/04\/hinh_dai_dien2-768x768.jpg\" alt=\"AI Level 3: T\u1ea1o chatbot AI d\u00e0nh ri\u00eang cho c\u00e1 nh\u00e2n, kh\u00e1ch h\u00e0ng\" loading=\"lazy\">\n            <\/div>\n        <\/a>\n    <\/div>\n\n    <div class=\"tutor-card-body\">\n        <h3 class=\"tutor-course-name tutor-fs-5 tutor-fw-medium tutor-mb-12\" title=\"AI Level 3: T\u1ea1o chatbot AI d\u00e0nh ri\u00eang cho c\u00e1 nh\u00e2n, kh\u00e1ch h\u00e0ng\">\n    <a href=\"https:\/\/123ai.vn\/learn\/courses\/ai-level-3\/\">AI Level 3: T\u1ea1o chatbot AI d\u00e0nh ri\u00eang cho c\u00e1 nh\u00e2n, kh\u00e1ch h\u00e0ng<\/a>\n<\/h3><div class=\"tutor-meta etlms-course-duration-meta tutor-mb-20\">\n            <div>\n            <span class=\"tutor-meta-icon tutor-icon-user-line\" area-hidden=\"true\"><\/span>\n            <span class=\"tutor-meta-value\">42<\/span>\n        <\/div>\n    \n    <\/div>\n\n    <\/div>\n\n    <div class=\"tutor-card-footer\">\n    <div class=\"tutor-d-flex tutor-align-center\">\n\t<a href=\"https:\/\/123ai.vn\/learn\/membership-pricing-5\/\" class=\"tutor-btn tutor-btn-outline-primary tutor-btn-md tutor-btn-block\">Xem chi ti\u1ebft<\/a>\n<\/div><\/div>\n<\/div>\t\t\t\t<\/div>\n\t\t\t\t\t\t\t<div class=\"etlms-course-list-col\">\n\t\t\t\t\t<div class=\"tutor-card tutor-course-card tutor-loop-course-container etlms-course-card-classic   etlms-has-hover-animation\">\n            <div class=\"tutor-course-thumbnail\">\n        <a href=\"https:\/\/123ai.vn\/learn\/courses\/ai-level-4\/\" class=\"tutor-d-block\">\n            <div class=\"tutor-ratio tutor-ratio-16x9\">\n                <img decoding=\"async\" class=\"tutor-card-image-top\" src=\"https:\/\/123ai.vn\/learn\/wp-content\/uploads\/2025\/04\/1-768x432.png\" alt=\"AI Level 4: Ra quy\u1ebft \u0111\u1ecbnh d\u1ef1a tr\u00ean d\u1eef li\u1ec7u v\u1edbi AI\" loading=\"lazy\">\n            <\/div>\n        <\/a>\n    <\/div>\n\n    <div class=\"tutor-card-body\">\n        <h3 class=\"tutor-course-name tutor-fs-5 tutor-fw-medium tutor-mb-12\" title=\"AI Level 4: Ra quy\u1ebft \u0111\u1ecbnh d\u1ef1a tr\u00ean d\u1eef li\u1ec7u v\u1edbi AI\">\n    <a href=\"https:\/\/123ai.vn\/learn\/courses\/ai-level-4\/\">AI Level 4: Ra quy\u1ebft \u0111\u1ecbnh d\u1ef1a tr\u00ean d\u1eef li\u1ec7u v\u1edbi AI<\/a>\n<\/h3><div class=\"tutor-meta etlms-course-duration-meta tutor-mb-20\">\n            <div>\n            <span class=\"tutor-meta-icon tutor-icon-user-line\" area-hidden=\"true\"><\/span>\n            <span class=\"tutor-meta-value\">38<\/span>\n        <\/div>\n    \n            <div>\n            <span class=\"tutor-icon-clock-line tutor-meta-icon\" area-hidden=\"true\"><\/span>\n            <span class=\"tutor-meta-value\"> 5 gi\u1edd<\/span>\n        <\/div>\n    <\/div>\n\n    <\/div>\n\n    <div class=\"tutor-card-footer\">\n    <div class=\"tutor-d-flex tutor-align-center\">\n\t<a href=\"https:\/\/123ai.vn\/learn\/membership-pricing-5\/\" class=\"tutor-btn tutor-btn-outline-primary tutor-btn-md tutor-btn-block\">Xem chi ti\u1ebft<\/a>\n<\/div><\/div>\n<\/div>\t\t\t\t<\/div>\n\t\t\t\t\t\t\t<div class=\"etlms-course-list-col\">\n\t\t\t\t\t<div class=\"tutor-card tutor-course-card tutor-loop-course-container etlms-course-card-classic   etlms-has-hover-animation\">\n            <div class=\"tutor-course-thumbnail\">\n        <a href=\"https:\/\/123ai.vn\/learn\/courses\/ai-level-5-tu-dong-hoa-voi-ai\/\" class=\"tutor-d-block\">\n            <div class=\"tutor-ratio tutor-ratio-16x9\">\n                <img decoding=\"async\" class=\"tutor-card-image-top\" src=\"https:\/\/123ai.vn\/learn\/wp-content\/uploads\/2025\/04\/hinhdaidien-1-768x512.png\" alt=\"AI Level 5: T\u1ef1 \u0111\u1ed9ng h\u00f3a v\u1edbi AI\" loading=\"lazy\">\n            <\/div>\n        <\/a>\n    <\/div>\n\n    <div class=\"tutor-card-body\">\n        <h3 class=\"tutor-course-name tutor-fs-5 tutor-fw-medium tutor-mb-12\" title=\"AI Level 5: T\u1ef1 \u0111\u1ed9ng h\u00f3a v\u1edbi AI\">\n    <a href=\"https:\/\/123ai.vn\/learn\/courses\/ai-level-5-tu-dong-hoa-voi-ai\/\">AI Level 5: T\u1ef1 \u0111\u1ed9ng h\u00f3a v\u1edbi AI<\/a>\n<\/h3><div class=\"tutor-meta etlms-course-duration-meta tutor-mb-20\">\n            <div>\n            <span class=\"tutor-meta-icon tutor-icon-user-line\" area-hidden=\"true\"><\/span>\n            <span class=\"tutor-meta-value\">29<\/span>\n        <\/div>\n    \n            <div>\n            <span class=\"tutor-icon-clock-line tutor-meta-icon\" area-hidden=\"true\"><\/span>\n            <span class=\"tutor-meta-value\"> 1 gi\u1edd<\/span>\n        <\/div>\n    <\/div>\n\n    <\/div>\n\n    <div class=\"tutor-card-footer\">\n    <div class=\"tutor-d-flex tutor-align-center\">\n\t<a href=\"https:\/\/123ai.vn\/learn\/membership-pricing-5\/\" class=\"tutor-btn tutor-btn-outline-primary tutor-btn-md tutor-btn-block\">Xem chi ti\u1ebft<\/a>\n<\/div><\/div>\n<\/div>\t\t\t\t<\/div>\n\t\t\t\t\t<\/div>\n\n\t\t\t\t<\/div>\n<div class=\"tutor-modal tutor-login-modal\">\n\t<div class=\"tutor-modal-overlay\"><\/div>\n\t<div class=\"tutor-modal-window tutor-modal-window-sm\">\n\t\t<div class=\"tutor-modal-content tutor-modal-content-white\">\n\t\t\t<button class=\"tutor-iconic-btn tutor-modal-close-o\" data-tutor-modal-close>\n\t\t\t\t<span class=\"tutor-icon-times\" area-hidden=\"true\"><\/span>\n\t\t\t<\/button>\n\n\t\t\t<div class=\"tutor-modal-body\">\n\t\t\t\t<div class=\"tutor-py-48\">\n\t\t\t\t\t\t\t\t\t\t<div class=\"tutor-fs-4 tutor-fw-medium tutor-color-black tutor-mb-32\">Xin ch\u00e0o, Ch\u00e0o m\u1eebng tr\u1edf l\u1ea1i!<\/div>\n\t\t\t\t\t<form id=\"tutor-login-form\" method=\"post\">\n\t\t<input type=\"hidden\" id=\"_tutor_nonce\" name=\"_tutor_nonce\" value=\"d81cd6fbf1\" \/><input type=\"hidden\" name=\"_wp_http_referer\" value=\"\/learn\/wp-json\/wp\/v2\/pages\/7458\" \/>\t<input type=\"hidden\" name=\"tutor_action\" value=\"tutor_user_login\" \/>\n\t<input type=\"hidden\" name=\"redirect_to\" value=\"https:\/\/123ai.vn\/learn\/wp-json\/wp\/v2\/pages\/7458\" \/>\n\n\t<div class=\"tutor-mb-20\">\n\t\t<input type=\"text\" class=\"tutor-form-control\" placeholder=\"T\u00ean \u0111\u0103ng nh\u1eadp \/ Email\" name=\"log\" value=\"\" size=\"20\" required\/>\n\t<\/div>\n\n\t<div class=\"tutor-mb-32\">\n\t\t<input type=\"password\" class=\"tutor-form-control\" placeholder=\"M\u1eadt kh\u1ea9u\" name=\"pwd\" value=\"\" size=\"20\" required\/>\n\t<\/div>\n\n\t<div class=\"tutor-login-error\"><\/div>\n\t\t\t<input type=\"hidden\" name=\"timezone\" value=\"+00:00\" \/>\n\t\t<script>\n\t\t\tdocument.addEventListener('DOMContentLoaded', function() {\n\t\t\t\tconst timezone = document.querySelector('input[name=\"timezone\"]');\n\t\t\t\tif ( timezone) {\n\t\t\t\t\tconst tz = Intl.DateTimeFormat().resolvedOptions().timeZone;\n\t\t\t\t\ttimezone.value = tz\n\t\t\t\t}\n\t\t\t});\n\t\t<\/script>\n\t\t\t\t\t<div style=\"margin: 5px 0 20px;\">\n\t\t\t\t<p style=\"font-size: 14px;\">\n\t\t\t\t\tCh\u1ee9ng minh b\u1ea1n l\u00e0 ng\u01b0\u1eddi\t\t\t\t<\/p>\n\t\t\t\t<br\/>\n\t\t\t\t<label for=\"jetpack_protect_answer\" style=\"vertical-align:super;\">\n\t\t\t\t\t7 &nbsp; + &nbsp; 2 &nbsp; = &nbsp;\t\t\t\t<\/label>\n\t\t\t\t<input type=\"number\" id=\"jetpack_protect_answer\" name=\"jetpack_protect_num\" value=\"\" size=\"2\" style=\"width:50px;height:25px;vertical-align:middle;font-size:13px;\" class=\"input\" \/>\n\t\t\t\t<input type=\"hidden\" name=\"jetpack_protect_answer\" value=\"711516b14aab81d1d5f008f759a68d094feae1b2\" \/>\n\t\t\t<\/div>\n\t\t\t\t<div class=\"tutor-d-flex tutor-justify-between tutor-align-center tutor-mb-40\">\n\t\t<div class=\"tutor-form-check\">\n\t\t\t<input id=\"tutor-login-agmnt-1\" type=\"checkbox\" class=\"tutor-form-check-input tutor-bg-black-40\" name=\"rememberme\" value=\"forever\" \/>\n\t\t\t<label for=\"tutor-login-agmnt-1\" class=\"tutor-fs-7 tutor-color-muted\">\n\t\t\t\tL\u01b0u \u0111\u0103ng nh\u1eadp\t\t\t<\/label>\n\t\t<\/div>\n\t\t<a href=\"https:\/\/123ai.vn\/learn\/dashboard\/retrieve-password\" class=\"tutor-btn tutor-btn-ghost\">\n\t\t\tQu\u00ean m\u1eadt kh\u1ea9u?\t\t<\/a>\n\t<\/div>\n\n\t\t<button type=\"submit\" class=\"tutor-btn tutor-btn-primary tutor-btn-block\">\n\t\t\u0110\u0103ng nh\u1eadp\t<\/button>\n\t\n\t\t\t\t\t<div class=\"tutor-text-center tutor-fs-6 tutor-color-secondary tutor-mt-20\">\n\t\t\tCh\u01b0a c\u00f3 t\u00e0i kho\u1ea3n?&nbsp;\n\t\t\t<a href=\"https:\/\/123ai.vn\/learn\/trang-dang-ky-hoc-vien\/?redirect_to=https:\/\/123ai.vn\/learn\/wp-json\/wp\/v2\/pages\/7458\" class=\"tutor-btn tutor-btn-link\">\n\t\t\t\t\u0110\u0103ng K\u00fd Ngay\t\t\t<\/a>\n\t\t<\/div>\n\t\t<\/form>\n<script>\n\tdocument.addEventListener('DOMContentLoaded', function() {\n\t\tvar { __ } = wp.i18n;\n\t\tvar loginModal = document.querySelector('.tutor-modal.tutor-login-modal');\n\t\tvar errors = [];\n\t\tif (loginModal && errors.length) {\n\t\t\tloginModal.classList.add('tutor-is-active');\n\t\t}\n\t});\n<\/script>\n\n\t\t\t\t\t\t\t\t\t<\/div>\n\t\t\t\t\t\t<style>\n\t\t\t#tutor-pro-twitter-login {\n\t\t\t\twidth: 400px; background-color: #00acee; border-color: #00acee; font-weight: bold;\n\t\t\t}\n\t\t<\/style>\n\t\t<div id=\"tutor-pro-social-authentication\" class=\"tutor-pt-24 tutor-d-flex tutor-flex-column tutor-align-center tutor-border-top-light\" style=\"gap: 10px;\">\n\t\t\t\t\t\t\t\t<div class=\"tutor-d-flex tutor-justify-center\" id=\"tutor-pro-google-authentication\">\n\t\t\t\t\t\t\n\t\t\t\t\t\t\t\t\t\t\t<\/div>\n\t\t\t\t\t\t\t<\/div>\n\t\t\t\t\t<\/div>\n\t\t<\/div>\n\t<\/div>\n<\/div>\n\t\t\t\t<\/div>\n\t\t\t\t<\/div>\n\t\t\t\t<div class=\"elementor-element elementor-element-605aa43 elementor-align-center elementor-tablet-align-center elementor-mobile-align-center elementor-widget elementor-widget-button\" data-id=\"605aa43\" data-element_type=\"widget\" data-widget_type=\"button.default\">\n\t\t\t\t<div class=\"elementor-widget-container\">\n\t\t\t\t\t\t\t\t\t<div class=\"elementor-button-wrapper\">\n\t\t\t\t\t<a class=\"elementor-button elementor-button-link elementor-size-sm\" href=\"\/courses\/\">\n\t\t\t\t\t\t<span class=\"elementor-button-content-wrapper\">\n\t\t\t\t\t\t\t\t\t<span class=\"elementor-button-text\">Kh\u00e1m ph\u00e1 c\u00e1c Level<\/span>\n\t\t\t\t\t<\/span>\n\t\t\t\t\t<\/a>\n\t\t\t\t<\/div>\n\t\t\t\t\t\t\t\t<\/div>\n\t\t\t\t<\/div>\n\t\t\t\t\t<\/div>\n\t\t<\/div>\n\t\t\t\t\t<\/div>\n\t\t<\/section>\n\t\t\t\t<\/div>\n\t\t","protected":false},"excerpt":{"rendered":"<p>H\u01b0\u1edbng d\u1eabn s\u1eed d\u1ee5ng M\u1eddi b\u1ea1n nh\u1ea5n v\u00e0o \u0111\u0103ng k\u00fd\/\u0111\u0103ng nh\u1eadp \u0111\u1ec3 b\u1eaft \u0111\u1ea7u, n\u1ebfu b\u1ea1n l\u00e0 ng\u01b0\u1eddi m\u1edbi vui [&hellip;]<\/p>\n","protected":false},"author":2,"featured_media":0,"parent":0,"menu_order":0,"comment_status":"closed","ping_status":"closed","template":"elementor_header_footer","meta":{"site-sidebar-layout":"default","site-content-layout":"","ast-site-content-layout":"default","site-content-style":"default","site-sidebar-style":"default","ast-global-header-display":"","ast-banner-title-visibility":"","ast-main-header-display":"","ast-hfb-above-header-display":"","ast-hfb-below-header-display":"","ast-hfb-mobile-header-display":"","site-post-title":"","ast-breadcrumbs-content":"","ast-featured-img":"","footer-sml-layout":"","ast-disable-related-posts":"","theme-transparent-header-meta":"default","adv-header-id-meta":"","stick-header-meta":"","header-above-stick-meta":"","header-main-stick-meta":"","header-below-stick-meta":"","astra-migrate-meta-layouts":"set","ast-page-background-enabled":"default","ast-page-background-meta":{"desktop":{"background-color":"var(--ast-global-color-5)","background-image":"","background-repeat":"repeat","background-position":"center center","background-size":"auto","background-attachment":"scroll","background-type":"","background-media":"","overlay-type":"","overlay-color":"","overlay-opacity":"","overlay-gradient":""},"tablet":{"background-color":"","background-image":"","background-repeat":"repeat","background-position":"center center","background-size":"auto","background-attachment":"scroll","background-type":"","background-media":"","overlay-type":"","overlay-color":"","overlay-opacity":"","overlay-gradient":""},"mobile":{"background-color":"","background-image":"","background-repeat":"repeat","background-position":"center center","background-size":"auto","background-attachment":"scroll","background-type":"","background-media":"","overlay-type":"","overlay-color":"","overlay-opacity":"","overlay-gradient":""}},"ast-content-background-meta":{"desktop":{"background-color":"var(--ast-global-color-4)","background-image":"","background-repeat":"repeat","background-position":"center center","background-size":"auto","background-attachment":"scroll","background-type":"","background-media":"","overlay-type":"","overlay-color":"","overlay-opacity":"","overlay-gradient":""},"tablet":{"background-color":"var(--ast-global-color-4)","background-image":"","background-repeat":"repeat","background-position":"center center","background-size":"auto","background-attachment":"scroll","background-type":"","background-media":"","overlay-type":"","overlay-color":"","overlay-opacity":"","overlay-gradient":""},"mobile":{"background-color":"var(--ast-global-color-4)","background-image":"","background-repeat":"repeat","background-position":"center center","background-size":"auto","background-attachment":"scroll","background-type":"","background-media":"","overlay-type":"","overlay-color":"","overlay-opacity":"","overlay-gradient":""}},"footnotes":""},"class_list":["post-7458","page","type-page","status-publish","hentry"],"jetpack_sharing_enabled":true,"_links":{"self":[{"href":"https:\/\/123ai.vn\/learn\/wp-json\/wp\/v2\/pages\/7458","targetHints":{"allow":["GET"]}}],"collection":[{"href":"https:\/\/123ai.vn\/learn\/wp-json\/wp\/v2\/pages"}],"about":[{"href":"https:\/\/123ai.vn\/learn\/wp-json\/wp\/v2\/types\/page"}],"author":[{"embeddable":true,"href":"https:\/\/123ai.vn\/learn\/wp-json\/wp\/v2\/users\/2"}],"replies":[{"embeddable":true,"href":"https:\/\/123ai.vn\/learn\/wp-json\/wp\/v2\/comments?post=7458"}],"version-history":[{"count":126,"href":"https:\/\/123ai.vn\/learn\/wp-json\/wp\/v2\/pages\/7458\/revisions"}],"predecessor-version":[{"id":8675,"href":"https:\/\/123ai.vn\/learn\/wp-json\/wp\/v2\/pages\/7458\/revisions\/8675"}],"wp:attachment":[{"href":"https:\/\/123ai.vn\/learn\/wp-json\/wp\/v2\/media?parent=7458"}],"curies":[{"name":"wp","href":"https:\/\/api.w.org\/{rel}","templated":true}]}}