{"id":204,"date":"2025-03-31T12:37:14","date_gmt":"2025-03-31T12:37:14","guid":{"rendered":"https:\/\/123ai.vn\/membership-pricing-4\/"},"modified":"2025-08-26T14:20:40","modified_gmt":"2025-08-26T14:20:40","slug":"voucher","status":"publish","type":"page","link":"https:\/\/123ai.vn\/learn\/voucher\/","title":{"rendered":"Voucher"},"content":{"rendered":"<p>B\u1ea1n c\u1ea7n <a href=\"https:\/\/123ai.vn\/tutor-login-2\/\">\u0111\u0103ng nh\u1eadp \u0111\u1ec3 s\u1eed d\u1ee5ng<\/a><\/p>\n<p style=\"font-size: 16px; font-style: normal; font-weight: 400;\">L\u01b0u \u00fd:<\/p>\n<ol style=\"font-size: 16px; font-style: normal; font-weight: 400;\">\n<li style=\"font-size: 16px;\">Voucher ch\u1ec9 \u00e1p d\u1ee5ng cho nh\u1eefng t\u00e0i kho\u1ea3n m\u1edbi ho\u1eb7c g\u00f3i \u0111\u0103ng k\u00fd \u0111\u00e3 h\u1ebft h\u1ea1n.<\/li>\n<li style=\"font-size: 16px;\">B\u1ea1n ph\u1ea3i t\u1ea1o t\u00e0i kho\u1ea3n v\u00e0 \u0111\u0103ng k\u00fd g\u00f3i tr\u01b0\u1edbc khi apply voucher.<\/li>\n<li style=\"font-size: 16px;\">M\u1ed7i t\u00e0i kho\u1ea3n ch\u1ec9 apply \u0111\u01b0\u1ee3c 1 voucher \u0111\u1ec3 k\u00edch ho\u1ea1t.<\/li>\n<\/ol>\n<p style=\"font-size: 16px; font-style: normal; font-weight: 400;\">N\u1ebfu k\u00edch ho\u1ea1t kh\u00f4ng \u0111\u01b0\u1ee3c b\u1ea1n c\u00f3 th\u1ec3 xem h\u01b0\u1edbng d\u1eabn b\u00ean d\u01b0\u1edbi:<\/p>\n<div class=\"ast-oembed-container \" style=\"height: 100%;\"><iframe title=\"Video h\u01b0\u1edbng d\u1eabn t\u1ea1o t\u00e0i kho\u1ea3n v\u00e0 s\u1eed d\u1ee5ng Voucher 123AI.vn\" width=\"500\" height=\"281\" src=\"https:\/\/www.youtube.com\/embed\/WfVXwYFOddU?feature=oembed\" frameborder=\"0\" allow=\"accelerometer; autoplay; clipboard-write; encrypted-media; gyroscope; picture-in-picture; web-share\" referrerpolicy=\"strict-origin-when-cross-origin\" allowfullscreen><\/iframe><\/div>\n<p style=\"font-size: 16px; font-style: normal; font-weight: 400;\">\n","protected":false},"excerpt":{"rendered":"<p>L\u01b0u \u00fd: Voucher ch\u1ec9 \u00e1p d\u1ee5ng cho nh\u1eefng t\u00e0i kho\u1ea3n m\u1edbi ho\u1eb7c g\u00f3i \u0111\u0103ng k\u00fd \u0111\u00e3 h\u1ebft h\u1ea1n. B\u1ea1n ph\u1ea3i [&hellip;]<\/p>\n","protected":false},"author":2,"featured_media":0,"parent":0,"menu_order":0,"comment_status":"closed","ping_status":"closed","template":"","meta":{"site-sidebar-layout":"default","site-content-layout":"","ast-site-content-layout":"default","site-content-style":"default","site-sidebar-style":"default","ast-global-header-display":"","ast-banner-title-visibility":"","ast-main-header-display":"","ast-hfb-above-header-display":"","ast-hfb-below-header-display":"","ast-hfb-mobile-header-display":"","site-post-title":"","ast-breadcrumbs-content":"","ast-featured-img":"","footer-sml-layout":"","ast-disable-related-posts":"","theme-transparent-header-meta":"default","adv-header-id-meta":"","stick-header-meta":"","header-above-stick-meta":"","header-main-stick-meta":"","header-below-stick-meta":"","astra-migrate-meta-layouts":"set","ast-page-background-enabled":"default","ast-page-background-meta":{"desktop":{"background-color":"var(--ast-global-color-5)","background-image":"","background-repeat":"repeat","background-position":"center center","background-size":"auto","background-attachment":"scroll","background-type":"","background-media":"","overlay-type":"","overlay-color":"","overlay-opacity":"","overlay-gradient":""},"tablet":{"background-color":"","background-image":"","background-repeat":"repeat","background-position":"center center","background-size":"auto","background-attachment":"scroll","background-type":"","background-media":"","overlay-type":"","overlay-color":"","overlay-opacity":"","overlay-gradient":""},"mobile":{"background-color":"","background-image":"","background-repeat":"repeat","background-position":"center center","background-size":"auto","background-attachment":"scroll","background-type":"","background-media":"","overlay-type":"","overlay-color":"","overlay-opacity":"","overlay-gradient":""}},"ast-content-background-meta":{"desktop":{"background-color":"var(--ast-global-color-4)","background-image":"","background-repeat":"repeat","background-position":"center center","background-size":"auto","background-attachment":"scroll","background-type":"","background-media":"","overlay-type":"","overlay-color":"","overlay-opacity":"","overlay-gradient":""},"tablet":{"background-color":"var(--ast-global-color-4)","background-image":"","background-repeat":"repeat","background-position":"center center","background-size":"auto","background-attachment":"scroll","background-type":"","background-media":"","overlay-type":"","overlay-color":"","overlay-opacity":"","overlay-gradient":""},"mobile":{"background-color":"var(--ast-global-color-4)","background-image":"","background-repeat":"repeat","background-position":"center center","background-size":"auto","background-attachment":"scroll","background-type":"","background-media":"","overlay-type":"","overlay-color":"","overlay-opacity":"","overlay-gradient":""}},"footnotes":""},"class_list":["post-204","page","type-page","status-publish","hentry"],"jetpack_sharing_enabled":true,"_links":{"self":[{"href":"https:\/\/123ai.vn\/learn\/wp-json\/wp\/v2\/pages\/204","targetHints":{"allow":["GET"]}}],"collection":[{"href":"https:\/\/123ai.vn\/learn\/wp-json\/wp\/v2\/pages"}],"about":[{"href":"https:\/\/123ai.vn\/learn\/wp-json\/wp\/v2\/types\/page"}],"author":[{"embeddable":true,"href":"https:\/\/123ai.vn\/learn\/wp-json\/wp\/v2\/users\/2"}],"replies":[{"embeddable":true,"href":"https:\/\/123ai.vn\/learn\/wp-json\/wp\/v2\/comments?post=204"}],"version-history":[{"count":11,"href":"https:\/\/123ai.vn\/learn\/wp-json\/wp\/v2\/pages\/204\/revisions"}],"predecessor-version":[{"id":8431,"href":"https:\/\/123ai.vn\/learn\/wp-json\/wp\/v2\/pages\/204\/revisions\/8431"}],"wp:attachment":[{"href":"https:\/\/123ai.vn\/learn\/wp-json\/wp\/v2\/media?parent=204"}],"curies":[{"name":"wp","href":"https:\/\/api.w.org\/{rel}","templated":true}]}}